{"id":398211,"date":"2025-11-04T12:44:29","date_gmt":"2025-11-04T12:44:29","guid":{"rendered":"https:\/\/seippel.crearte.studio\/politica-de-cookies\/"},"modified":"2026-03-24T13:42:26","modified_gmt":"2026-03-24T13:42:26","slug":"politica-de-cookies","status":"publish","type":"page","link":"https:\/\/seippel.com\/es\/politica-de-cookies\/","title":{"rendered":"Pol\u00edtica de cookies"},"content":{"rendered":"<p>[et_pb_section fb_built=\u00bb1&#8243; _builder_version=\u00bb4.27.5&#8243; _module_preset=\u00bbdefault\u00bb use_background_color_gradient=\u00bbon\u00bb background_color_gradient_stops=\u00bbrgba(18,62,95,0.71) 0%|rgba(18,62,95,0.62) 100%\u00bb background_color_gradient_overlays_image=\u00bbon\u00bb background_image=\u00bbhttps:\/\/seippel.com\/wp-content\/uploads\/2026\/02\/Seippel-Seippel-Insurance-Broker-Mallorca-2.jpg\u00bb custom_margin=\u00bb||||true|false\u00bb custom_padding=\u00bb7.3%||7.3%||true|false\u00bb locked=\u00bboff\u00bb global_colors_info=\u00bb{}\u00bb][et_pb_row _builder_version=\u00bb4.27.4&#8243; _module_preset=\u00bbdefault\u00bb global_colors_info=\u00bb{}\u00bb][et_pb_column type=\u00bb4_4&#8243; _builder_version=\u00bb4.27.4&#8243; _module_preset=\u00bbdefault\u00bb global_colors_info=\u00bb{}\u00bb][et_pb_text _builder_version=\u00bb4.27.4&#8243; _module_preset=\u00bbdefault\u00bb header_text_color=\u00bb#FFFFFF\u00bb header_font_size=\u00bb40px\u00bb header_2_text_color=\u00bb#FFFFFF\u00bb custom_margin=\u00bb||||false|false\u00bb custom_margin_tablet=\u00bb0%||||false|false\u00bb custom_margin_phone=\u00bb||||false|false\u00bb custom_margin_last_edited=\u00bbon|phone\u00bb header_font_size_tablet=\u00bb40px\u00bb header_font_size_phone=\u00bb34px\u00bb header_font_size_last_edited=\u00bbon|phone\u00bb global_colors_info=\u00bb{}\u00bb]<\/p>\n<h1>Pol\u00edtica de cookies<\/h1>\n<p>[\/et_pb_text][\/et_pb_column][\/et_pb_row][\/et_pb_section][et_pb_section fb_built=\u00bb1&#8243; _builder_version=\u00bb4.27.4&#8243; _module_preset=\u00bbdefault\u00bb background_color=\u00bbrgba(242,235,210,0.23)\u00bb background_image=\u00bbhttps:\/\/seippel.com\/wp-content\/uploads\/2025\/09\/seippel-logo-.png\u00bb background_size=\u00bbinitial\u00bb background_position=\u00bbbottom_left\u00bb global_colors_info=\u00bb{}\u00bb][et_pb_row _builder_version=\u00bb4.27.4&#8243; _module_preset=\u00bbdefault\u00bb global_colors_info=\u00bb{}\u00bb][et_pb_column type=\u00bb4_4&#8243; _builder_version=\u00bb4.27.4&#8243; _module_preset=\u00bbdefault\u00bb global_colors_info=\u00bb{}\u00bb][et_pb_text _builder_version=\u00bb4.27.5&#8243; _module_preset=\u00bbdefault\u00bb global_colors_info=\u00bb{}\u00bb]<\/p>\n<p>En cumplimiento de lo dispuesto en el Reglamento (UE) 2016\/679 del Parlamento Europeo y del Consejo, de 27 de abril de 2016 (RGPD), la Ley Org\u00e1nica 3\/2018, de 5 de diciembre, de Protecci\u00f3n de Datos Personales y Garant\u00eda de los Derechos Digitales (LOPDGDD) y la Ley 34\/2002, de 11 de julio, de Servicios de la Sociedad de la Informaci\u00f3n y de Comercio Electr\u00f3nico (LSSI-CE), le informamos que este sitio web utiliza cookies propias y de terceros para mejorar su experiencia de usuario, ofrecerle contenidos adaptados a sus intereses y realizar an\u00e1lisis estad\u00edsticos de la navegaci\u00f3n.<\/p>\n<p>Esta pol\u00edtica le proporciona informaci\u00f3n clara y completa sobre qu\u00e9 son las cookies, qu\u00e9 tipo de cookies utiliza este sitio web, con qu\u00e9 finalidad y c\u00f3mo puede gestionarlas o desactivarlas seg\u00fan sus preferencias.<\/p>\n<p><strong>\u00bfQu\u00e9 son las cookies?<\/strong><\/p>\n<p>Las cookies son archivos que se descargan en su dispositivo cuando accede a determinados sitios web. Entre otras cosas, permiten que un sitio web almacene y recupere informaci\u00f3n sobre los h\u00e1bitos de navegaci\u00f3n de un usuario o su dispositivo y, dependiendo de la informaci\u00f3n que contengan y de c\u00f3mo utilice su dispositivo, pueden utilizarse para reconocer al usuario. <\/p>\n<p> <strong>Tipo de cookies<\/strong><\/p>\n<p>a) Depending on the entity that manages them<\/p>\n<ul>\n<li>Cookies propias: enviadas al dispositivo del usuario desde un dominio gestionado por el editor.<\/li>\n<li>Cookies de terceros: enviadas desde un dominio no gestionado por el editor, sino por otra entidad (por ejemplo, proveedores de an\u00e1lisis, redes sociales o anunciantes).<\/li>\n<\/ul>\n<p>b) Seg\u00fan el plazo de conservaci\u00f3n<\/p>\n<ol><\/ol>\n<ul>\n<li>Cookies de sesi\u00f3n: se eliminan al cerrar el navegador.<\/li>\n<li>Cookies persistentes: permanecen en su dispositivo durante el periodo definido por el gestor de cookies.<\/li>\n<\/ul>\n<p>c) Seg\u00fan su finalidad<\/p>\n<ol><\/ol>\n<ul>\n<li>Cookies t\u00e9cnicas o necesarias: permiten la navegaci\u00f3n y el uso de funciones esenciales.<\/li>\n<li>Cookies de preferencias o personalizaci\u00f3n: recuerdan la configuraci\u00f3n y las elecciones del usuario (por ejemplo, el idioma).<\/li>\n<li>Cookies de an\u00e1lisis o medici\u00f3n: permiten realizar un seguimiento y an\u00e1lisis del comportamiento de los usuarios con fines estad\u00edsticos.<\/li>\n<li>Cookies de publicidad comportamental: permiten mostrar publicidad personalizada en funci\u00f3n del perfil de navegaci\u00f3n.<\/li>\n<li>Cookies sociales: facilitan la interacci\u00f3n con las redes sociales desde el sitio web.<\/li>\n<\/ul>\n<h3>Tipos de cookies utilizadas en este sitio web<\/h3>\n<p>Este sitio web utiliza cookies para varios fines, entre ellos:<\/p>\n<p><strong>Cookies anal\u00edticas:<\/strong><br \/>Son procesadas por nosotros o por terceros y nos permiten cuantificar el n\u00famero de usuarios, lo que nos permite medir y analizar estad\u00edsticamente c\u00f3mo interact\u00faan los usuarios con los servicios ofrecidos. Para ello, analizamos la actividad de navegaci\u00f3n en nuestro sitio web con el fin de mejorarlo. <\/p>\n<p>La aplicaci\u00f3n que utilizamos para obtener y analizar esta informaci\u00f3n es <strong>Google Analytics.<\/strong><\/p>\n<p>Las cookies utilizadas para este fin (_utma, _utmb, _utmc, _utmt y _utmz) son <strong>cookies de terceros.<\/strong><\/p>\n<p>Estas cookies se utilizan para recopilar informaci\u00f3n sobre la navegaci\u00f3n de los usuarios en el sitio web con el fin de comprender el origen de las visitas y otros datos estad\u00edsticos.<\/p>\n<p>Para obtener m\u00e1s informaci\u00f3n sobre las cookies utilizadas por Google Analytics y sus finalidades, visite:<\/p>\n<ul>\n<li><a href=\"https:\/\/developers.google.com\/analytics\/devguides\/collection\/analyticsjs\/cookie-usage\" rel=\"nofollow noopener\" target=\"_blank\">Uso de cookies de Google Analytics<\/a><\/li>\n<li><a href=\"https:\/\/www.google.com\/intl\/en\/policies\/privacy\/\" rel=\"nofollow noopener\" target=\"_blank\">Centro de privacidad de Google<\/a><\/li>\n<\/ul>\n<p><strong>Nota: <\/strong>Las \u00abcookies propias\u00bb solo son utilizadas por el propietario de este sitio web, mientras que las \u00abcookies de terceros\u00bb son utilizadas por el proveedor de servicios identificado anteriormente.<\/p>\n<p>Cuando los usuarios acceden al sitio web por primera vez, se les informa del uso de cookies mediante un banner o una capa de informaci\u00f3n inicial que les informa de forma clara y accesible de la existencia de esta Pol\u00edtica de Cookies.<\/p>\n<p>El uso de cookies no t\u00e9cnicas requerir\u00e1, en su caso, el consentimiento previo del usuario, que podr\u00e1 otorgarse en el momento de acceder al sitio web de acuerdo con los mecanismos habilitados a tal efecto.<\/p>\n<p><strong>Base jur\u00eddica para el uso de cookies<\/strong><\/p>\n<p>La base jur\u00eddica para el tratamiento de datos mediante cookies t\u00e9cnicas es el inter\u00e9s leg\u00edtimo del editor en garantizar el correcto funcionamiento del sitio web.<\/p>\n<p>La instalaci\u00f3n de cookies de preferencias, anal\u00edticas o publicitarias se basa en el consentimiento del usuario, otorgado de forma libre, espec\u00edfica, informada e inequ\u00edvoca a trav\u00e9s del banner\/panel de configuraci\u00f3n.<\/p>\n<p><strong>Configuraci\u00f3n, revocaci\u00f3n y eliminaci\u00f3n de cookies<\/strong><\/p>\n<p>El usuario puede:<\/p>\n<ul>\n<li>Configure o revoque su consentimiento en cualquier momento desde el panel de configuraci\u00f3n del sitio web.<\/li>\n<li>Bloquea o elimina las cookies a trav\u00e9s de la configuraci\u00f3n de tu navegador, siguiendo los enlaces oficiales:\n<ul>\n<li><span><a href=\"https:\/\/support.mozilla.org\/es\/kb\/habilitar-y-deshabilitar-cookies-que-los-sitios-we\" rel=\"nofollow noopener\" target=\"_blank\"><strong>Mozilla Firefox<\/strong><\/a><\/span><\/li>\n<li><span><a href=\"https:\/\/support.google.com\/chrome\/bin\/answer.py?hl=es&amp;answer=95647\" rel=\"nofollow noopener\" target=\"_blank\"><strong>Google Chrome<\/strong><\/a><\/span><\/li>\n<li><span><a href=\"https:\/\/support.microsoft.com\/es-es\/windows\/administrar-cookies-en-microsoft-edge-ver-permitir-bloquear-eliminar-y-usar-168dab11-0753-043d-7c16-ede5947fc64d\" rel=\"nofollow noopener\" target=\"_blank\"><strong>Microsoft Edge<\/strong><\/a><\/span><\/li>\n<li><span><a href=\"https:\/\/support.apple.com\/kb\/ph5042\" rel=\"nofollow noopener\" target=\"_blank\"><strong>Safari<\/strong><\/a><\/span><\/li>\n<li><span><a href=\"https:\/\/help.opera.com\/Windows\/11.50\/es-ES\/cookies.html\" rel=\"nofollow noopener\" target=\"_blank\"><strong>Opera<\/strong><\/a><\/span><\/li>\n<\/ul>\n<\/li>\n<\/ul>\n<p><strong>Complemento de inhabilitaci\u00f3n para Google Analytics<\/strong><\/p>\n<p>Si desea desactivar las cookies anal\u00edticas de Google Analytics en todos los navegadores para que su informaci\u00f3n no se env\u00ede a Google Analytics, puede descargar un complemento de inhabilitaci\u00f3n a trav\u00e9s del siguiente enlace:<br \/><a href=\"https:\/\/tools.google.com\/dlpage\/gaoptout\" rel=\"nofollow noopener\" target=\"_blank\">https:\/\/tools.google.com\/dlpage\/gaoptout<\/a><\/p>\n<p><strong>Actualizaciones de la pol\u00edtica de cookies<\/strong><\/p>\n<p>Podemos actualizar esta pol\u00edtica en cualquier momento por motivos legales o t\u00e9cnicos, o debido a cambios en los servicios ofrecidos. Le recomendamos que la revise peri\u00f3dicamente. <\/p>\n<p>Adem\u00e1s, puede acceder a la pol\u00edtica de privacidad de la empresa en la secci\u00f3n correspondiente del sitio web.<\/p>\n<p>[\/et_pb_text][et_pb_code _builder_version=\u00bb4.27.6&#8243; _module_preset=\u00bbdefault\u00bb hover_enabled=\u00bb0&#8243; sticky_enabled=\u00bb0&#8243;]<script id=\"CookieDeclaration\" data-culture=\"es\" src=\"https:\/\/consent.cookiebot.com\/96441c8d-8546-4d69-8f55-3f1968a9ac4d \/cd.js\" type=\"text\/javascript\" async><\/script>[\/et_pb_code][\/et_pb_column][\/et_pb_row][\/et_pb_section][et_pb_section fb_built=\u00bb1&#8243; _builder_version=\u00bb4.27.4&#8243; _module_preset=\u00bbdefault\u00bb background_color=\u00bb#FAF6ED\u00bb custom_padding=\u00bb2%||2%||true|false\u00bb locked=\u00bboff\u00bb global_colors_info=\u00bb{}\u00bb][et_pb_row _builder_version=\u00bb4.27.4&#8243; _module_preset=\u00bbdefault\u00bb global_module=\u00bb397390&#8243; saved_tabs=\u00bball\u00bb global_colors_info=\u00bb{}\u00bb][et_pb_column type=\u00bb4_4&#8243; _builder_version=\u00bb4.27.4&#8243; _module_preset=\u00bbdefault\u00bb global_colors_info=\u00bb{}\u00bb][et_pb_text _builder_version=\u00bb4.27.5&#8243; _module_preset=\u00bb_initial\u00bb text_font=\u00bb&#8211;et_global_body_font||||||||\u00bb header_font=\u00bb&#8211;et_global_heading_font||||||||\u00bb header_text_color=\u00bb#A89963&#8243; header_2_font=\u00bb|700|||||||\u00bb header_2_text_color=\u00bb#A89963&#8243; header_2_font_size=\u00bb30px\u00bb header_3_line_height=\u00bb1.4em\u00bb header_5_text_color=\u00bb#A89963&#8243; header_5_font_size=\u00bb18px\u00bb text_orientation=\u00bbcenter\u00bb custom_margin=\u00bb||1%||false|false\u00bb locked=\u00bboff\u00bb global_colors_info=\u00bb{}\u00bb]<\/p>\n<h2>\u00bfLe gustar\u00eda hablar con nosotros?<\/h2>\n<p>[\/et_pb_text][et_pb_text _builder_version=\u00bb4.27.5&#8243; _module_preset=\u00bb_initial\u00bb text_font=\u00bb&#8211;et_global_body_font||||||||\u00bb header_font=\u00bb&#8211;et_global_heading_font||||||||\u00bb header_text_color=\u00bb#A89963&#8243; header_2_font=\u00bb|700|||||||\u00bb header_2_text_color=\u00bb#A89963&#8243; header_2_font_size=\u00bb24px\u00bb header_3_line_height=\u00bb1.4em\u00bb header_5_text_color=\u00bb#A89963&#8243; header_5_font_size=\u00bb18px\u00bb text_orientation=\u00bbcenter\u00bb custom_margin=\u00bb||27px|||\u00bb locked=\u00bboff\u00bb global_colors_info=\u00bb{}\u00bb]<\/p>\n<p>Estamos aqu\u00ed para responder a sus preguntas y orientarse personalmente<span style=\"font-weight: 400;\"><\/span><\/p>\n<p>Nuestros asesores de seguros analizar\u00e1n su situaci\u00f3n y le ayudar\u00e1n a encontrar la cobertura adecuada, sin compromiso alguno<\/p>\n<p>[\/et_pb_text][\/et_pb_column][\/et_pb_row][et_pb_row column_structure=\u00bb1_3,1_3,1_3&#8243; use_custom_gutter=\u00bbon\u00bb gutter_width=\u00bb3&#8243; _builder_version=\u00bb4.27.4&#8243; _module_preset=\u00bbdefault\u00bb max_width=\u00bb1200px\u00bb global_module=\u00bb396135&#8243; locked=\u00bboff\u00bb global_colors_info=\u00bb{}\u00bb][et_pb_column type=\u00bb1_3&#8243; _builder_version=\u00bb4.27.4&#8243; _module_preset=\u00bbdefault\u00bb global_colors_info=\u00bb{}\u00bb][et_pb_blurb title=\u00bbSolicite que le llamemos\u00bb image_icon_background_color=\u00bbRGBA(255,255,255,0)\u00bb image=\u00bbhttps:\/\/seippel.com\/wp-content\/uploads\/2025\/11\/seippel-call-me-back.png\u00bb icon_placement=\u00bbleft\u00bb image_icon_width=\u00bb60px\u00bb _builder_version=\u00bb4.27.5&#8243; _module_preset=\u00bbdefault\u00bb header_font=\u00bb|600|||||||\u00bb header_text_color=\u00bb#A89963&#8243; header_font_size=\u00bb22px\u00bb image_icon_custom_margin=\u00bb||||false|false\u00bb image_icon_custom_padding=\u00bb||||false|false\u00bb custom_margin=\u00bb||-3px|||\u00bb custom_padding=\u00bb0%||||false|false\u00bb border_color_all_image=\u00bbRGBA(255,255,255,0)\u00bb global_colors_info=\u00bb{}\u00bb]<\/p>\n<p>D\u00edganos cu\u00e1ndo quiere que le llamemos<\/p>\n<p>[\/et_pb_blurb][et_pb_contact_form captcha=\u00bboff\u00bb email=\u00bbcentral@seippel.com\u00bb custom_message=\u00bbQuiero que me llamen &#8211; D\u00edganos cu\u00e1ndo y le llamaremos||et_pb_line_break_holder||||et_pb_line_break_holder||Nombre: %%name%%||et_pb_line_break_holder||Tel\u00e9fono: %%phone%%||et_pb_line_break_holder||When: %%when%%\u00bb success_message=\u00bb\u00a1Gracias, le responderemos lo antes posible!\u00bb _builder_version=\u00bb4.27.5&#8243; _module_preset=\u00bbdefault\u00bb _unique_id=\u00bb37352547-b97b-4413-85e2-b00056b20234&#8243; form_field_background_color=\u00bbRGBA(255,255,255,0)\u00bb form_field_text_color=\u00bb#A89963&#8243; form_field_focus_background_color=\u00bbRGBA(255,255,255,0)\u00bb form_field_focus_text_color=\u00bb#A89963&#8243; form_field_custom_padding=\u00bb|0px||0px|false|true\u00bb title_level=\u00bbh2&#8243; title_font_size=\u00bb22px\u00bb form_field_font=\u00bb&#8211;et_global_body_font||||||||\u00bb form_field_font_size=\u00bb16px\u00bb form_field_line_height=\u00bb1.6em\u00bb custom_button=\u00bbon\u00bb button_text_size=\u00bb16px\u00bb button_text_color=\u00bb#FFFFFF\u00bb button_bg_color=\u00bb#b2a67b\u00bb button_border_width=\u00bb0px\u00bb button_border_color=\u00bbRGBA(255,255,255,0)\u00bb button_custom_padding=\u00bb8px|30px|8px|30px|true|true\u00bb width=\u00bb100%\u00bb max_height=\u00bb1000px\u00bb form_field_font_size_tablet=\u00bb15px\u00bb form_field_font_size_phone=\u00bb14px\u00bb form_field_font_size_last_edited=\u00bbon|desktop\u00bb border_color_all=\u00bb#A89963&#8243; border_width_bottom=\u00bb2px\u00bb global_colors_info=\u00bb{}\u00bb button_bg_color__hover_enabled=\u00bbon|hover\u00bb button_bg_color__hover=\u00bb#F2EBD2&#8243; button_bg_enable_color__hover=\u00bbon\u00bb button_text_color__hover_enabled=\u00bbon|hover\u00bb button_text_color__hover=\u00bb#A89963&#8243;][et_pb_contact_field field_id=\u00bbName\u00bb field_title=\u00bbNombre\u00bb _builder_version=\u00bb4.27.4&#8243; global_colors_info=\u00bb{}\u00bb button_text_size__hover_enabled=\u00bboff\u00bb button_one_text_size__hover_enabled=\u00bboff\u00bb button_two_text_size__hover_enabled=\u00bboff\u00bb button_text_color__hover_enabled=\u00bboff\u00bb button_one_text_color__hover_enabled=\u00bboff\u00bb button_two_text_color__hover_enabled=\u00bboff\u00bb button_border_width__hover_enabled=\u00bboff\u00bb button_one_border_width__hover_enabled=\u00bboff\u00bb button_two_border_width__hover_enabled=\u00bboff\u00bb button_border_color__hover_enabled=\u00bboff\u00bb button_one_border_color__hover_enabled=\u00bboff\u00bb button_two_border_color__hover_enabled=\u00bboff\u00bb button_border_radius__hover_enabled=\u00bboff\u00bb button_one_border_radius__hover_enabled=\u00bboff\u00bb button_two_border_radius__hover_enabled=\u00bboff\u00bb button_letter_spacing__hover_enabled=\u00bboff\u00bb button_one_letter_spacing__hover_enabled=\u00bboff\u00bb button_two_letter_spacing__hover_enabled=\u00bboff\u00bb button_bg_color__hover_enabled=\u00bboff\u00bb button_one_bg_color__hover_enabled=\u00bboff\u00bb button_two_bg_color__hover_enabled=\u00bboff\u00bb][\/et_pb_contact_field][et_pb_contact_field field_id=\u00bbPhone\u00bb field_title=\u00bbTel\u00e9fono\u00bb _builder_version=\u00bb4.27.4&#8243; global_colors_info=\u00bb{}\u00bb button_text_size__hover_enabled=\u00bboff\u00bb button_one_text_size__hover_enabled=\u00bboff\u00bb button_two_text_size__hover_enabled=\u00bboff\u00bb button_text_color__hover_enabled=\u00bboff\u00bb button_one_text_color__hover_enabled=\u00bboff\u00bb button_two_text_color__hover_enabled=\u00bboff\u00bb button_border_width__hover_enabled=\u00bboff\u00bb button_one_border_width__hover_enabled=\u00bboff\u00bb button_two_border_width__hover_enabled=\u00bboff\u00bb button_border_color__hover_enabled=\u00bboff\u00bb button_one_border_color__hover_enabled=\u00bboff\u00bb button_two_border_color__hover_enabled=\u00bboff\u00bb button_border_radius__hover_enabled=\u00bboff\u00bb button_one_border_radius__hover_enabled=\u00bboff\u00bb button_two_border_radius__hover_enabled=\u00bboff\u00bb button_letter_spacing__hover_enabled=\u00bboff\u00bb button_one_letter_spacing__hover_enabled=\u00bboff\u00bb button_two_letter_spacing__hover_enabled=\u00bboff\u00bb button_bg_color__hover_enabled=\u00bboff\u00bb button_one_bg_color__hover_enabled=\u00bboff\u00bb button_two_bg_color__hover_enabled=\u00bboff\u00bb][\/et_pb_contact_field][et_pb_contact_field field_id=\u00bbWhen\u00bb field_title=\u00bb\u00bfCu\u00e1ndo quiere que le llamemos?\u00bb fullwidth_field=\u00bbon\u00bb _builder_version=\u00bb4.27.4&#8243; _module_preset=\u00bbdefault\u00bb global_colors_info=\u00bb{}\u00bb][\/et_pb_contact_field][et_pb_contact_field field_id=\u00bbPrivacy\u00bb field_title=\u00bb \u00bb field_type=\u00bbcheckbox\u00bb checkbox_options=\u00bb%91{%22value%22:%22He le\u00eddo y acepto la pol\u00edtica de privacidad.%22,%22checked%22:0,%22dragID%22:-1,%22link_url%22:%22https:%92\/%92\/seippel.com%92\/privacy-policy%92\/%22}%93&#8243; fullwidth_field=\u00bbon\u00bb _builder_version=\u00bb4.27.4&#8243; _module_preset=\u00bbdefault\u00bb form_field_background_color=\u00bb#FFFFFF\u00bb form_field_text_color=\u00bb#B2A67B\u00bb form_field_focus_background_color=\u00bb#FFFFFF\u00bb form_field_focus_text_color=\u00bb#B2A67B\u00bb link_option_url_new_window=\u00bbon\u00bb border_radii=\u00bbon|25px|25px|25px|25px\u00bb border_width_all=\u00bb2px\u00bb global_colors_info=\u00bb{}\u00bb][\/et_pb_contact_field][\/et_pb_contact_form][et_pb_code _builder_version=\u00bb4.27.5&#8243; _module_preset=\u00bbdefault\u00bb global_colors_info=\u00bb{}\u00bb]<script><!-- [et_pb_line_break_holder] -->document.addEventListener('DOMContentLoaded', function() {<!-- [et_pb_line_break_holder] -->    const forms = document.querySelectorAll('form.et_pb_contact_form');<!-- [et_pb_line_break_holder] -->    forms.forEach(function(form) {<!-- [et_pb_line_break_holder] -->        form.addEventListener('submit', function(event) {<!-- [et_pb_line_break_holder] -->            recogerConsentimiento(form, location.host, location.protocol + '\/\/' + location.host + location.pathname);<!-- [et_pb_line_break_holder] -->        });<!-- [et_pb_line_break_holder] -->    });<!-- [et_pb_line_break_holder] -->});<!-- [et_pb_line_break_holder] --><\/script>[\/et_pb_code][\/et_pb_column][et_pb_column type=\u00bb1_3&#8243; _builder_version=\u00bb4.27.4&#8243; _module_preset=\u00bbdefault\u00bb global_colors_info=\u00bb{}\u00bb][et_pb_blurb title=\u00bbEnv\u00edenos un correo electr\u00f3nico\u00bb use_icon=\u00bbon\u00bb font_icon=\u00bb&#xe010;||divi||400&#8243; icon_color=\u00bb#FFFFFF\u00bb image_icon_background_color=\u00bb#B2A67B\u00bb icon_placement=\u00bbleft\u00bb image_icon_width=\u00bb23px\u00bb _builder_version=\u00bb4.27.5&#8243; _module_preset=\u00bbdefault\u00bb header_font=\u00bb|600|||||||\u00bb header_text_color=\u00bb#A89963&#8243; header_font_size=\u00bb22px\u00bb image_icon_custom_margin=\u00bb||||false|false\u00bb image_icon_custom_padding=\u00bb18px|18px|18px|18px|true|true\u00bb custom_margin=\u00bb||18px|||\u00bb custom_margin_tablet=\u00bb5%||||false|false\u00bb custom_margin_phone=\u00bb10%||||false|false\u00bb custom_margin_last_edited=\u00bbon|phone\u00bb custom_padding=\u00bb0%||||false|false\u00bb border_radii_image=\u00bbon|100%|100%|100%|100%\u00bb global_colors_info=\u00bb{}\u00bb]<\/p>\n<p>Responderemos lo antes posible<\/p>\n<p><a href=\"mailto:central@seippel.com\">central@seippel.com<\/a><\/p>\n<p>[\/et_pb_blurb][et_pb_button button_url=\u00bbmailto:central@seippel.com\u00bb url_new_window=\u00bbon\u00bb button_text=\u00bbEnv\u00edenos un correo electr\u00f3nico\u00bb button_alignment=\u00bbcenter\u00bb _builder_version=\u00bb4.27.5&#8243; _module_preset=\u00bbdefault\u00bb custom_button=\u00bbon\u00bb button_text_size=\u00bb16px\u00bb button_text_color=\u00bb#FFFFFF\u00bb button_bg_color=\u00bb#b2a67b\u00bb button_border_width=\u00bb0px\u00bb custom_margin=\u00bb4.8%||||false|false\u00bb locked=\u00bboff\u00bb global_colors_info=\u00bb{}\u00bb button_bg_color__hover_enabled=\u00bbon|hover\u00bb button_bg_color__hover=\u00bb#F2EBD2&#8243; button_bg_enable_color__hover=\u00bbon\u00bb button_text_color__hover_enabled=\u00bbon|hover\u00bb button_text_color__hover=\u00bb#A89963&#8243;][\/et_pb_button][\/et_pb_column][et_pb_column type=\u00bb1_3&#8243; _builder_version=\u00bb4.27.4&#8243; _module_preset=\u00bbdefault\u00bb global_colors_info=\u00bb{}\u00bb][et_pb_blurb title=\u00bbLl\u00e1menos\u00bb use_icon=\u00bbon\u00bb font_icon=\u00bb&#xe00b;||divi||400&#8243; icon_color=\u00bb#FFFFFF\u00bb image_icon_background_color=\u00bb#B2A67B\u00bb icon_placement=\u00bbleft\u00bb image_icon_width=\u00bb23px\u00bb _builder_version=\u00bb4.27.5&#8243; _module_preset=\u00bbdefault\u00bb header_font=\u00bb|600|||||||\u00bb header_text_color=\u00bb#A89963&#8243; header_font_size=\u00bb22px\u00bb image_icon_custom_margin=\u00bb||||false|false\u00bb image_icon_custom_padding=\u00bb18px|18px|18px|18px|true|true\u00bb custom_margin=\u00bb||18px|||\u00bb custom_margin_tablet=\u00bb5%||||false|false\u00bb custom_margin_phone=\u00bb10%||||false|false\u00bb custom_margin_last_edited=\u00bbon|phone\u00bb custom_padding=\u00bb0%||||false|false\u00bb border_radii_image=\u00bbon|100%|100%|100%|100%\u00bb global_colors_info=\u00bb{}\u00bb]<\/p>\n<p>Lunes a jueves: 8:30 &#8211; 17:00<br \/>Viernes: 8:30 &#8211; 15:00<\/p>\n<p><span style=\"color: #b2a67b;\">+34 971 671 214<\/span><\/p>\n<p>[\/et_pb_blurb][et_pb_button button_url=\u00bbtel:+34971671214&#8243; url_new_window=\u00bbon\u00bb button_text=\u00bbLl\u00e1menos\u00bb button_alignment=\u00bbcenter\u00bb _builder_version=\u00bb4.27.4&#8243; _module_preset=\u00bbdefault\u00bb custom_button=\u00bbon\u00bb button_text_size=\u00bb16px\u00bb button_text_color=\u00bb#FFFFFF\u00bb button_bg_color=\u00bb#b2a67b\u00bb button_border_width=\u00bb0px\u00bb custom_margin=\u00bb4.8%||||false|false\u00bb locked=\u00bboff\u00bb global_colors_info=\u00bb{}\u00bb button_bg_color__hover_enabled=\u00bbon|hover\u00bb button_bg_color__hover=\u00bb#F2EBD2&#8243; button_bg_enable_color__hover=\u00bbon\u00bb button_text_color__hover_enabled=\u00bbon|hover\u00bb button_text_color__hover=\u00bb#A89963&#8243;][\/et_pb_button][\/et_pb_column][\/et_pb_row][\/et_pb_section]<\/p>\n","protected":false},"excerpt":{"rendered":"<p>Pol\u00edtica de cookiesEn cumplimiento de lo dispuesto en el Reglamento (UE) 2016\/679 del Parlamento Europeo y del Consejo, de 27 de abril de 2016 (RGPD), la Ley Org\u00e1nica 3\/2018, de 5 de diciembre, de Protecci\u00f3n de Datos Personales y Garant\u00eda de los Derechos Digitales (LOPDGDD) y la Ley 34\/2002, de 11 de julio, de Servicios de la Sociedad de la Informaci\u00f3n y de Comercio Electr\u00f3nico (LSSI-CE), le informamos que este sitio web utiliza cookies propias y de terceros para mejorar su experiencia de usuario, ofrecerle contenidos adaptados a sus intereses y realizar an\u00e1lisis estad\u00edsticos de la navegaci\u00f3n. Esta pol\u00edtica le proporciona informaci\u00f3n clara y completa sobre qu\u00e9 son las cookies, qu\u00e9 tipo de cookies utiliza este sitio web, con qu\u00e9 finalidad y c\u00f3mo puede gestionarlas o desactivarlas seg\u00fan sus preferencias. \u00bfQu\u00e9 son las cookies? Las cookies son archivos que se descargan en su dispositivo cuando accede a determinados sitios web. Entre otras cosas, permiten que un sitio web almacene y recupere informaci\u00f3n sobre los h\u00e1bitos de navegaci\u00f3n de un usuario o su dispositivo y, dependiendo de la informaci\u00f3n que contengan y de c\u00f3mo utilice su dispositivo, pueden utilizarse para reconocer al usuario. Tipo de cookies a) Depending on the entity [&hellip;]<\/p>\n","protected":false},"author":2,"featured_media":0,"parent":0,"menu_order":0,"comment_status":"closed","ping_status":"closed","template":"","meta":{"_acf_changed":false,"_et_pb_use_builder":"on","_et_pb_old_content":"","_et_gb_content_width":"","footnotes":""},"class_list":["post-398211","page","type-page","status-publish","hentry"],"acf":[],"_links":{"self":[{"href":"https:\/\/seippel.com\/es\/wp-json\/wp\/v2\/pages\/398211","targetHints":{"allow":["GET"]}}],"collection":[{"href":"https:\/\/seippel.com\/es\/wp-json\/wp\/v2\/pages"}],"about":[{"href":"https:\/\/seippel.com\/es\/wp-json\/wp\/v2\/types\/page"}],"author":[{"embeddable":true,"href":"https:\/\/seippel.com\/es\/wp-json\/wp\/v2\/users\/2"}],"replies":[{"embeddable":true,"href":"https:\/\/seippel.com\/es\/wp-json\/wp\/v2\/comments?post=398211"}],"version-history":[{"count":5,"href":"https:\/\/seippel.com\/es\/wp-json\/wp\/v2\/pages\/398211\/revisions"}],"predecessor-version":[{"id":399533,"href":"https:\/\/seippel.com\/es\/wp-json\/wp\/v2\/pages\/398211\/revisions\/399533"}],"wp:attachment":[{"href":"https:\/\/seippel.com\/es\/wp-json\/wp\/v2\/media?parent=398211"}],"curies":[{"name":"wp","href":"https:\/\/api.w.org\/{rel}","templated":true}]}}